{"id":37,"date":"2017-01-09T14:32:25","date_gmt":"2017-01-09T14:32:25","guid":{"rendered":"http:\/\/irisbus-magelys.cz\/?page_id=37"},"modified":"2023-08-20T19:59:57","modified_gmt":"2023-08-20T19:59:57","slug":"fotogalerie","status":"publish","type":"page","link":"https:\/\/irisbus-magelys.cz\/index.php\/fotogalerie\/","title":{"rendered":"FOTOGALERIE"},"content":{"rendered":"","protected":false},"excerpt":{"rendered":"","protected":false},"author":1,"featured_media":99,"parent":0,"menu_order":0,"comment_status":"open","ping_status":"closed","template":"","meta":{"footnotes":""},"class_list":["post-37","page","type-page","status-publish","has-post-thumbnail","hentry"],"yoast_head":"<!-- This site is optimized with the Yoast SEO plugin v20.12 - https:\/\/yoast.com\/wordpress\/plugins\/seo\/ -->\n<title>FOTOGALERIE - Pron\u00e1jem autobusu Irisbus Magelys HD<\/title>\n<meta name=\"description\" content=\"Prohl\u00e9dnete si interi\u00e9ry a exteri\u00e9ry autobusu Irisbus Magelys HD.\" \/>\n<meta name=\"robots\" content=\"index, follow, max-snippet:-1, max-image-preview:large, max-video-preview:-1\" \/>\n<link rel=\"canonical\" href=\"https:\/\/irisbus-magelys.cz\/index.php\/fotogalerie\/\" \/>\n<meta property=\"og:locale\" content=\"cs_CZ\" \/>\n<meta property=\"og:type\" content=\"article\" \/>\n<meta property=\"og:title\" content=\"FOTOGALERIE - Pron\u00e1jem autobusu Irisbus Magelys HD\" \/>\n<meta property=\"og:description\" content=\"Prohl\u00e9dnete si interi\u00e9ry a exteri\u00e9ry autobusu Irisbus Magelys HD.\" \/>\n<meta property=\"og:url\" content=\"https:\/\/irisbus-magelys.cz\/index.php\/fotogalerie\/\" \/>\n<meta property=\"og:site_name\" content=\"Pron\u00e1jem autobusu Irisbus Magelys HD\" \/>\n<meta property=\"article:publisher\" content=\"https:\/\/www.facebook.com\/acrislines\/\" \/>\n<meta property=\"article:modified_time\" content=\"2023-08-20T19:59:57+00:00\" \/>\n<meta property=\"og:image\" content=\"https:\/\/irisbus-magelys.cz\/wp-content\/uploads\/2023\/08\/IMG_0206-1.jpg\" \/>\n\t<meta property=\"og:image:width\" content=\"1800\" \/>\n\t<meta property=\"og:image:height\" content=\"1340\" \/>\n\t<meta property=\"og:image:type\" content=\"image\/jpeg\" \/>\n<meta name=\"twitter:card\" content=\"summary_large_image\" \/>\n<script type=\"application\/ld+json\" class=\"yoast-schema-graph\">{\"@context\":\"https:\/\/schema.org\",\"@graph\":[{\"@type\":\"WebPage\",\"@id\":\"https:\/\/irisbus-magelys.cz\/index.php\/fotogalerie\/\",\"url\":\"https:\/\/irisbus-magelys.cz\/index.php\/fotogalerie\/\",\"name\":\"FOTOGALERIE - Pron\u00e1jem autobusu Irisbus Magelys HD\",\"isPartOf\":{\"@id\":\"https:\/\/irisbus-magelys.cz\/#website\"},\"datePublished\":\"2017-01-09T14:32:25+00:00\",\"dateModified\":\"2023-08-20T19:59:57+00:00\",\"description\":\"Prohl\u00e9dnete si interi\u00e9ry a exteri\u00e9ry autobusu Irisbus Magelys HD.\",\"breadcrumb\":{\"@id\":\"https:\/\/irisbus-magelys.cz\/index.php\/fotogalerie\/#breadcrumb\"},\"inLanguage\":\"cs\",\"potentialAction\":[{\"@type\":\"ReadAction\",\"target\":[\"https:\/\/irisbus-magelys.cz\/index.php\/fotogalerie\/\"]}]},{\"@type\":\"BreadcrumbList\",\"@id\":\"https:\/\/irisbus-magelys.cz\/index.php\/fotogalerie\/#breadcrumb\",\"itemListElement\":[{\"@type\":\"ListItem\",\"position\":1,\"name\":\"Dom\u016f\",\"item\":\"https:\/\/irisbus-magelys.cz\/\"},{\"@type\":\"ListItem\",\"position\":2,\"name\":\"FOTOGALERIE\"}]},{\"@type\":\"WebSite\",\"@id\":\"https:\/\/irisbus-magelys.cz\/#website\",\"url\":\"https:\/\/irisbus-magelys.cz\/\",\"name\":\"Pron\u00e1jem autobusu Irisbus Magelys HD\",\"description\":\"Autobusov\u00e1 doprava Acrilines-bus\",\"publisher\":{\"@id\":\"https:\/\/irisbus-magelys.cz\/#organization\"},\"potentialAction\":[{\"@type\":\"SearchAction\",\"target\":{\"@type\":\"EntryPoint\",\"urlTemplate\":\"https:\/\/irisbus-magelys.cz\/?s={search_term_string}\"},\"query-input\":\"required name=search_term_string\"}],\"inLanguage\":\"cs\"},{\"@type\":\"Organization\",\"@id\":\"https:\/\/irisbus-magelys.cz\/#organization\",\"name\":\"Pron\u00e1jem autobusu Irisbus Magelys HD\",\"url\":\"https:\/\/irisbus-magelys.cz\/\",\"logo\":{\"@type\":\"ImageObject\",\"inLanguage\":\"cs\",\"@id\":\"https:\/\/irisbus-magelys.cz\/#\/schema\/logo\/image\/\",\"url\":\"https:\/\/irisbus-magelys.cz\/wp-content\/uploads\/2023\/08\/ACRISLINES-CERVENA.svg\",\"contentUrl\":\"https:\/\/irisbus-magelys.cz\/wp-content\/uploads\/2023\/08\/ACRISLINES-CERVENA.svg\",\"caption\":\"Pron\u00e1jem autobusu Irisbus Magelys HD\"},\"image\":{\"@id\":\"https:\/\/irisbus-magelys.cz\/#\/schema\/logo\/image\/\"},\"sameAs\":[\"https:\/\/www.facebook.com\/acrislines\/\"]}]}<\/script>\n<!-- \/ Yoast SEO plugin. -->","yoast_head_json":{"title":"FOTOGALERIE - Pron\u00e1jem autobusu Irisbus Magelys HD","description":"Prohl\u00e9dnete si interi\u00e9ry a exteri\u00e9ry autobusu Irisbus Magelys HD.","robots":{"index":"index","follow":"follow","max-snippet":"max-snippet:-1","max-image-preview":"max-image-preview:large","max-video-preview":"max-video-preview:-1"},"canonical":"https:\/\/irisbus-magelys.cz\/index.php\/fotogalerie\/","og_locale":"cs_CZ","og_type":"article","og_title":"FOTOGALERIE - Pron\u00e1jem autobusu Irisbus Magelys HD","og_description":"Prohl\u00e9dnete si interi\u00e9ry a exteri\u00e9ry autobusu Irisbus Magelys HD.","og_url":"https:\/\/irisbus-magelys.cz\/index.php\/fotogalerie\/","og_site_name":"Pron\u00e1jem autobusu Irisbus Magelys HD","article_publisher":"https:\/\/www.facebook.com\/acrislines\/","article_modified_time":"2023-08-20T19:59:57+00:00","og_image":[{"width":1800,"height":1340,"url":"https:\/\/irisbus-magelys.cz\/wp-content\/uploads\/2023\/08\/IMG_0206-1.jpg","type":"image\/jpeg"}],"twitter_card":"summary_large_image","schema":{"@context":"https:\/\/schema.org","@graph":[{"@type":"WebPage","@id":"https:\/\/irisbus-magelys.cz\/index.php\/fotogalerie\/","url":"https:\/\/irisbus-magelys.cz\/index.php\/fotogalerie\/","name":"FOTOGALERIE - Pron\u00e1jem autobusu Irisbus Magelys HD","isPartOf":{"@id":"https:\/\/irisbus-magelys.cz\/#website"},"datePublished":"2017-01-09T14:32:25+00:00","dateModified":"2023-08-20T19:59:57+00:00","description":"Prohl\u00e9dnete si interi\u00e9ry a exteri\u00e9ry autobusu Irisbus Magelys HD.","breadcrumb":{"@id":"https:\/\/irisbus-magelys.cz\/index.php\/fotogalerie\/#breadcrumb"},"inLanguage":"cs","potentialAction":[{"@type":"ReadAction","target":["https:\/\/irisbus-magelys.cz\/index.php\/fotogalerie\/"]}]},{"@type":"BreadcrumbList","@id":"https:\/\/irisbus-magelys.cz\/index.php\/fotogalerie\/#breadcrumb","itemListElement":[{"@type":"ListItem","position":1,"name":"Dom\u016f","item":"https:\/\/irisbus-magelys.cz\/"},{"@type":"ListItem","position":2,"name":"FOTOGALERIE"}]},{"@type":"WebSite","@id":"https:\/\/irisbus-magelys.cz\/#website","url":"https:\/\/irisbus-magelys.cz\/","name":"Pron\u00e1jem autobusu Irisbus Magelys HD","description":"Autobusov\u00e1 doprava Acrilines-bus","publisher":{"@id":"https:\/\/irisbus-magelys.cz\/#organization"},"potentialAction":[{"@type":"SearchAction","target":{"@type":"EntryPoint","urlTemplate":"https:\/\/irisbus-magelys.cz\/?s={search_term_string}"},"query-input":"required name=search_term_string"}],"inLanguage":"cs"},{"@type":"Organization","@id":"https:\/\/irisbus-magelys.cz\/#organization","name":"Pron\u00e1jem autobusu Irisbus Magelys HD","url":"https:\/\/irisbus-magelys.cz\/","logo":{"@type":"ImageObject","inLanguage":"cs","@id":"https:\/\/irisbus-magelys.cz\/#\/schema\/logo\/image\/","url":"https:\/\/irisbus-magelys.cz\/wp-content\/uploads\/2023\/08\/ACRISLINES-CERVENA.svg","contentUrl":"https:\/\/irisbus-magelys.cz\/wp-content\/uploads\/2023\/08\/ACRISLINES-CERVENA.svg","caption":"Pron\u00e1jem autobusu Irisbus Magelys HD"},"image":{"@id":"https:\/\/irisbus-magelys.cz\/#\/schema\/logo\/image\/"},"sameAs":["https:\/\/www.facebook.com\/acrislines\/"]}]}},"_links":{"self":[{"href":"https:\/\/irisbus-magelys.cz\/index.php\/wp-json\/wp\/v2\/pages\/37","targetHints":{"allow":["GET"]}}],"collection":[{"href":"https:\/\/irisbus-magelys.cz\/index.php\/wp-json\/wp\/v2\/pages"}],"about":[{"href":"https:\/\/irisbus-magelys.cz\/index.php\/wp-json\/wp\/v2\/types\/page"}],"author":[{"embeddable":true,"href":"https:\/\/irisbus-magelys.cz\/index.php\/wp-json\/wp\/v2\/users\/1"}],"replies":[{"embeddable":true,"href":"https:\/\/irisbus-magelys.cz\/index.php\/wp-json\/wp\/v2\/comments?post=37"}],"version-history":[{"count":1,"href":"https:\/\/irisbus-magelys.cz\/index.php\/wp-json\/wp\/v2\/pages\/37\/revisions"}],"predecessor-version":[{"id":120,"href":"https:\/\/irisbus-magelys.cz\/index.php\/wp-json\/wp\/v2\/pages\/37\/revisions\/120"}],"wp:featuredmedia":[{"embeddable":true,"href":"https:\/\/irisbus-magelys.cz\/index.php\/wp-json\/wp\/v2\/media\/99"}],"wp:attachment":[{"href":"https:\/\/irisbus-magelys.cz\/index.php\/wp-json\/wp\/v2\/media?parent=37"}],"curies":[{"name":"wp","href":"https:\/\/api.w.org\/{rel}","templated":true}]}}